{"id":98,"date":"2019-10-14T11:16:08","date_gmt":"2019-10-14T09:16:08","guid":{"rendered":"http:\/\/institut-lapalud.fr\/?page_id=98"},"modified":"2024-03-29T17:29:43","modified_gmt":"2024-03-29T16:29:43","slug":"soins-visages-linstitut-lapalud","status":"publish","type":"page","link":"https:\/\/institut-lapalud.fr\/?page_id=98","title":{"rendered":"SOINS VISAGES ET SOINS CORPS"},"content":{"rendered":"\t\t<div data-elementor-type=\"wp-page\" data-elementor-id=\"98\" class=\"elementor elementor-98\">\n\t\t\t\t\t\t<div class=\"elementor-inner\">\n\t\t\t\t<div class=\"elementor-section-wrap\">\n\t\t\t\t\t\t\t\t\t<section class=\"elementor-section elementor-top-section elementor-element elementor-element-b5f8107 elementor-section-boxed elementor-section-height-default elementor-section-height-default\" data-id=\"b5f8107\" data-element_type=\"section\">\n\t\t\t\t\t\t<div class=\"elementor-container elementor-column-gap-default\">\n\t\t\t\t\t\t\t<div class=\"elementor-row\">\n\t\t\t\t\t<div class=\"elementor-column elementor-col-100 elementor-top-column elementor-element elementor-element-c2a3d8f\" data-id=\"c2a3d8f\" data-element_type=\"column\">\n\t\t\t<div class=\"elementor-column-wrap elementor-element-populated\">\n\t\t\t\t\t\t\t<div class=\"elementor-widget-wrap\">\n\t\t\t\t\t\t<div class=\"elementor-element elementor-element-94da5fc elementor-widget elementor-widget-heading\" data-id=\"94da5fc\" data-element_type=\"widget\" data-widget_type=\"heading.default\">\n\t\t\t\t<div class=\"elementor-widget-container\">\n\t\t\t<h2 class=\"elementor-heading-title elementor-size-default\">SOINS VISAGES et CORPS<\/h2>\t\t<\/div>\n\t\t\t\t<\/div>\n\t\t\t\t\t\t<\/div>\n\t\t\t\t\t<\/div>\n\t\t<\/div>\n\t\t\t\t\t\t\t\t<\/div>\n\t\t\t\t\t<\/div>\n\t\t<\/section>\n\t\t\t\t<section class=\"elementor-section elementor-top-section elementor-element elementor-element-c5f455a elementor-section-boxed elementor-section-height-default elementor-section-height-default\" data-id=\"c5f455a\" data-element_type=\"section\">\n\t\t\t\t\t\t<div class=\"elementor-container elementor-column-gap-default\">\n\t\t\t\t\t\t\t<div class=\"elementor-row\">\n\t\t\t\t\t<div class=\"elementor-column elementor-col-50 elementor-top-column elementor-element elementor-element-7e6219e\" data-id=\"7e6219e\" data-element_type=\"column\">\n\t\t\t<div class=\"elementor-column-wrap elementor-element-populated\">\n\t\t\t\t\t\t\t<div class=\"elementor-widget-wrap\">\n\t\t\t\t\t\t<div class=\"elementor-element elementor-element-a3ea80e elementor-widget elementor-widget-text-editor\" data-id=\"a3ea80e\" data-element_type=\"widget\" data-widget_type=\"text-editor.default\">\n\t\t\t\t<div class=\"elementor-widget-container\">\n\t\t\t\t\t\t\t\t<div class=\"elementor-text-editor elementor-clearfix\">\n\t\t\t\t<p style=\"text-align: center;\"><span style=\"text-decoration: underline; color: #993366;\"><strong><span style=\"vertical-align: inherit;\"><span style=\"vertical-align: inherit;\">SOINS VISAGES<\/span><\/span><\/strong><\/span><\/p><p><span style=\"color: #000000;\"><strong>-SOIN PHOTO RAJEUNISSANT<\/strong> <\/span>(COUT D&rsquo;ECLAT LUMIERE PULSEE) r\u00e9duit les t\u00e2ches pigmentaires, comble les ridules, am\u00e9liore le teint. <strong><span style=\"color: #993366;\">50\u20ac \/ 30<\/span> <span style=\"color: #993366;\">min<\/span><\/strong><\/p><p><span style=\"color: #000000;\"><span style=\"vertical-align: inherit;\"><span style=\"vertical-align: inherit;\">&#8211; <strong>SOIN VISAGE ANTI-\u00c2GE REPULPANT <\/strong><\/span><\/span><em><span style=\"vertical-align: inherit;\"><span style=\"vertical-align: inherit;\">S\u00e9rum <\/span><\/span><\/em><span style=\"vertical-align: inherit;\"><span style=\"vertical-align: inherit;\"><em>avec appareil ionophor\u00e8se (Noham)<\/em>\u00a0 <strong><span style=\"color: #993366;\">59\u20ac<\/span><\/strong><\/span><\/span><\/span><\/p><p><span style=\"color: #000000;\"><span style=\"vertical-align: inherit;\"><span style=\"vertical-align: inherit;\"><i><span style=\"color: #000000;\">+COU\u00a0 75\u20ac<\/span><\/i><strong style=\"color: #000000;\"><span style=\"color: #993366;\">\u00a0<\/span><\/strong><\/span><\/span><\/span><\/p><p><span style=\"color: #000000;\"><span style=\"vertical-align: inherit;\"><span style=\"vertical-align: inherit;\">&#8211; <\/span><\/span><strong><span style=\"vertical-align: inherit;\"><span style=\"vertical-align: inherit;\">SOIN REGARD REGENERANT <\/span><\/span><\/strong><em><span style=\"vertical-align: inherit;\"><span style=\"vertical-align: inherit;\">avec ionophor\u00e8<\/span><\/span><\/em><\/span><span style=\"color: #000000;\"><em><span style=\"vertical-align: inherit;\"><span style=\"vertical-align: inherit;\">se\u00a0 20 minutes (cure de 4 s\u00e9ances <\/span><\/span><span style=\"vertical-align: inherit;\"><span style=\"vertical-align: inherit;\"><span style=\"color: #993366;\"><strong>100\u20ac<\/strong><span style=\"color: #000000;\">)<\/span><\/span><\/span><\/span><\/em><\/span><\/p><p><strong><span style=\"color: #000000; vertical-align: inherit;\"><span style=\"vertical-align: inherit;\">&#8211; <\/span><\/span><\/strong><span style=\"vertical-align: inherit;\"><span style=\"vertical-align: inherit;\"><strong>SOIN VISAGE PURIFIANT<\/strong> (<em>avec appareil d\u00e9sincrustant <span style=\"color: #000000;\">ionophor\u00e8se<\/span> peaux grasse\u00a0 <strong><span style=\"color: #993366;\">45\u20ac<\/span><\/strong><\/em><\/span><\/span><\/p><p><span style=\"color: #000000;\"><em><span style=\"vertical-align: inherit;\"><span style=\"vertical-align: inherit;\">+modelage visage\u00a0 \u00a0<\/span><\/span><\/em><span style=\"vertical-align: inherit;\"><span style=\"vertical-align: inherit;\"><strong><span style=\"color: #993366;\">55\u20ac<\/span><\/strong><\/span><\/span><\/span><\/p><p><span style=\"color: #000000;\">\u00a0<i>+cou (suppl <\/i><strong><span style=\"color: #993366;\">15\u20ac<\/span><\/strong><i>), +cou\/buste (suppl<\/i> <strong><span style=\"color: #993366;\">30\u20ac<\/span><\/strong><i>)<\/i><\/span><\/p><p><b>-SOIN QUOTIDIEN<\/b> <em>exfoliant au collag\u00e8ne anti-\u00e2ge, purifiant Noham.\u00a0 <\/em>\u00a0<strong><span style=\"color: #993366;\">35\u20ac\/40min<\/span><\/strong><\/p><p><strong>-MASSAGE LIFTANT\u00a0 <em>japonais du visage<\/em><\/strong><em> issu des techniques Kobido (\u00e0 l&rsquo;huile de rose musqu\u00e9e) 1h\u00a0<\/em> <strong><span style=\"color: #993366;\">\u00a060\u20ac<\/span><\/strong><\/p><p><span style=\"color: #000000;\"><strong>-SOIN REPULPANT\/revitalmisant<\/strong><\/span> Exfoliant + modelage( massage) liftant tech kobido 1h + masque acide hyaluronique+ cr\u00e8me anti-\u00e2ge <strong><span style=\"color: #800080;\">1h40 100\u20ac<\/span><\/strong><\/p><p>+cou <strong><span style=\"color: #800080;\">2H 130\u20ac)<\/span><\/strong><\/p>\t\t\t\t\t<\/div>\n\t\t\t\t\t\t<\/div>\n\t\t\t\t<\/div>\n\t\t\t\t\t\t<\/div>\n\t\t\t\t\t<\/div>\n\t\t<\/div>\n\t\t\t\t<div class=\"elementor-column elementor-col-50 elementor-top-column elementor-element elementor-element-0095ffd\" data-id=\"0095ffd\" data-element_type=\"column\">\n\t\t\t<div class=\"elementor-column-wrap elementor-element-populated\">\n\t\t\t\t\t\t\t<div class=\"elementor-widget-wrap\">\n\t\t\t\t\t\t<div class=\"elementor-element elementor-element-9a17751 elementor-widget elementor-widget-text-editor\" data-id=\"9a17751\" data-element_type=\"widget\" data-widget_type=\"text-editor.default\">\n\t\t\t\t<div class=\"elementor-widget-container\">\n\t\t\t\t\t\t\t\t<div class=\"elementor-text-editor elementor-clearfix\">\n\t\t\t\t<p style=\"text-align: center;\"><span style=\"color: #993366;\"><strong><span style=\"text-decoration: underline;\"><span style=\"vertical-align: inherit;\"><span style=\"vertical-align: inherit;\"><span style=\"vertical-align: inherit;\"><span style=\"vertical-align: inherit;\">SOINS CORPS<\/span><\/span><\/span><\/span><\/span><\/strong><\/span><\/p><p><strong><span style=\"color: #000000;\">&#8211; SOIN AMINCISSANT THERMOTHERAPIE\/ CRYO AVEC MODELAGE CELLULITIQUE\u00a0 75 \u00e0 135<span style=\"color: #993366;\">\u20ac<\/span><\/span><\/strong><\/p><p><span style=\"color: #000000;\"><strong><span style=\"vertical-align: inherit;\"><span style=\"vertical-align: inherit;\">&#8211; MODELAGE (MASSAGE) AMMA\u00a0 <span style=\"color: #993366;\">\u00a020\u20ac<\/span><br \/><\/span><\/span><\/strong><\/span><em><span style=\"vertical-align: inherit;\"><span style=\"vertical-align: inherit;\">\u00a0Assis et habill\u00e9 sur une chaise ergonomique. Procure de l&rsquo;\u00e9<\/span><span style=\"vertical-align: inherit;\">nergie, bien-\u00eatre et cr\u00e9ativit\u00e9 retrouv\u00e9. Id\u00e9al \u00e0 tout \u00e2ge.<\/span><\/span><\/em><\/p><p><span style=\"color: #6eb8b1;\"><span style=\"color: #000000;\"><strong><span style=\"vertical-align: inherit;\"><span style=\"vertical-align: inherit;\"><span style=\"vertical-align: inherit;\"><span style=\"vertical-align: inherit;\">&#8211; <\/span><\/span><\/span><\/span><span style=\"vertical-align: inherit;\"><span style=\"vertical-align: inherit;\"><span style=\"vertical-align: inherit;\"><span style=\"vertical-align: inherit;\">MODELAGE( massage) de <\/span><\/span><\/span><\/span><\/strong><\/span><span style=\"vertical-align: inherit; color: #000000;\"><span style=\"vertical-align: inherit;\"><span style=\"vertical-align: inherit;\"><span style=\"vertical-align: inherit;\"><em>20 min \u00e0 1h10<\/em>\u00a0\u00a0<strong><span style=\"color: #993366;\">20\u20ac<\/span><\/strong> \u00e0 75<strong><span style=\"color: #993366;\">\u20ac voir page des massages.<\/span><\/strong><\/span><\/span><\/span><\/span><\/span><\/p>\t\t\t\t\t<\/div>\n\t\t\t\t\t\t<\/div>\n\t\t\t\t<\/div>\n\t\t\t\t\t\t<\/div>\n\t\t\t\t\t<\/div>\n\t\t<\/div>\n\t\t\t\t\t\t\t\t<\/div>\n\t\t\t\t\t<\/div>\n\t\t<\/section>\n\t\t\t\t<section class=\"elementor-section elementor-top-section elementor-element elementor-element-560d433 elementor-section-boxed elementor-section-height-default elementor-section-height-default\" data-id=\"560d433\" data-element_type=\"section\">\n\t\t\t\t\t\t<div class=\"elementor-container elementor-column-gap-default\">\n\t\t\t\t\t\t\t<div class=\"elementor-row\">\n\t\t\t\t\t<div class=\"elementor-column elementor-col-100 elementor-top-column elementor-element elementor-element-d0ea75c\" data-id=\"d0ea75c\" data-element_type=\"column\">\n\t\t\t<div class=\"elementor-column-wrap elementor-element-populated\">\n\t\t\t\t\t\t\t<div class=\"elementor-widget-wrap\">\n\t\t\t\t\t\t<div class=\"elementor-element elementor-element-4c2fa99 elementor-widget elementor-widget-text-editor\" data-id=\"4c2fa99\" data-element_type=\"widget\" data-widget_type=\"text-editor.default\">\n\t\t\t\t<div class=\"elementor-widget-container\">\n\t\t\t\t\t\t\t\t<div class=\"elementor-text-editor elementor-clearfix\">\n\t\t\t\t<p><span style=\"color: #008000;\">Apr\u00e8s votre soin du visage l&rsquo;institut vous propose une mise en beaut\u00e9 <\/span><strong><a href=\"https:\/\/institut-lapalud.fr\/?page_id=116\">maquillage <\/a><\/strong><span style=\"color: #008000;\">(mak up).<\/span><\/p>\t\t\t\t\t<\/div>\n\t\t\t\t\t\t<\/div>\n\t\t\t\t<\/div>\n\t\t\t\t\t\t<\/div>\n\t\t\t\t\t<\/div>\n\t\t<\/div>\n\t\t\t\t\t\t\t\t<\/div>\n\t\t\t\t\t<\/div>\n\t\t<\/section>\n\t\t\t\t\t\t\t\t\t<\/div>\n\t\t\t<\/div>\n\t\t\t\t\t<\/div>\n\t\t","protected":false},"excerpt":{"rendered":"<p>SOINS VISAGES et CORPS SOINS VISAGES -SOIN PHOTO RAJEUNISSANT (COUT D&rsquo;ECLAT LUMIERE PULSEE) r\u00e9duit les t\u00e2ches pigmentaires, comble les ridules, am\u00e9liore le teint. 50\u20ac \/ 30 min &#8211; SOIN VISAGE ANTI-\u00c2GE REPULPANT S\u00e9rum avec appareil ionophor\u00e8se (Noham)&nbsp; 59\u20ac +COU&nbsp; 75\u20ac&nbsp; &#8211; SOIN REGARD REGENERANT avec ionophor\u00e8se&nbsp; 20 minutes (cure de 4 s\u00e9ances 100\u20ac) &#8211; SOIN [&hellip;]<\/p>\n","protected":false},"author":1,"featured_media":0,"parent":0,"menu_order":0,"comment_status":"closed","ping_status":"closed","template":"","meta":{"site-sidebar-layout":"no-sidebar","site-content-layout":"page-builder","ast-site-content-layout":"full-width-container","site-content-style":"unboxed","site-sidebar-style":"unboxed","ast-global-header-display":"","ast-banner-title-visibility":"","ast-main-header-display":"","ast-hfb-above-header-display":"","ast-hfb-below-header-display":"","ast-hfb-mobile-header-display":"","site-post-title":"disabled","ast-breadcrumbs-content":"","ast-featured-img":"disabled","footer-sml-layout":"","theme-transparent-header-meta":"default","adv-header-id-meta":"","stick-header-meta":"","header-above-stick-meta":"","header-main-stick-meta":"","header-below-stick-meta":"","astra-migrate-meta-layouts":"set","ast-page-background-enabled":"default","ast-page-background-meta":{"desktop":{"background-color":"","background-image":"","background-repeat":"repeat","background-position":"center center","background-size":"auto","background-attachment":"scroll","background-type":"","background-media":"","overlay-type":"","overlay-color":"","overlay-gradient":""},"tablet":{"background-color":"","background-image":"","background-repeat":"repeat","background-position":"center center","background-size":"auto","background-attachment":"scroll","background-type":"","background-media":"","overlay-type":"","overlay-color":"","overlay-gradient":""},"mobile":{"background-color":"","background-image":"","background-repeat":"repeat","background-position":"center center","background-size":"auto","background-attachment":"scroll","background-type":"","background-media":"","overlay-type":"","overlay-color":"","overlay-gradient":""}},"ast-content-background-meta":{"desktop":{"background-color":"var(--ast-global-color-5)","background-image":"","background-repeat":"repeat","background-position":"center center","background-size":"auto","background-attachment":"scroll","background-type":"","background-media":"","overlay-type":"","overlay-color":"","overlay-gradient":""},"tablet":{"background-color":"var(--ast-global-color-5)","background-image":"","background-repeat":"repeat","background-position":"center center","background-size":"auto","background-attachment":"scroll","background-type":"","background-media":"","overlay-type":"","overlay-color":"","overlay-gradient":""},"mobile":{"background-color":"var(--ast-global-color-5)","background-image":"","background-repeat":"repeat","background-position":"center center","background-size":"auto","background-attachment":"scroll","background-type":"","background-media":"","overlay-type":"","overlay-color":"","overlay-gradient":""}}},"_links":{"self":[{"href":"https:\/\/institut-lapalud.fr\/index.php?rest_route=\/wp\/v2\/pages\/98"}],"collection":[{"href":"https:\/\/institut-lapalud.fr\/index.php?rest_route=\/wp\/v2\/pages"}],"about":[{"href":"https:\/\/institut-lapalud.fr\/index.php?rest_route=\/wp\/v2\/types\/page"}],"author":[{"embeddable":true,"href":"https:\/\/institut-lapalud.fr\/index.php?rest_route=\/wp\/v2\/users\/1"}],"replies":[{"embeddable":true,"href":"https:\/\/institut-lapalud.fr\/index.php?rest_route=%2Fwp%2Fv2%2Fcomments&post=98"}],"version-history":[{"count":161,"href":"https:\/\/institut-lapalud.fr\/index.php?rest_route=\/wp\/v2\/pages\/98\/revisions"}],"predecessor-version":[{"id":1879,"href":"https:\/\/institut-lapalud.fr\/index.php?rest_route=\/wp\/v2\/pages\/98\/revisions\/1879"}],"wp:attachment":[{"href":"https:\/\/institut-lapalud.fr\/index.php?rest_route=%2Fwp%2Fv2%2Fmedia&parent=98"}],"curies":[{"name":"wp","href":"https:\/\/api.w.org\/{rel}","templated":true}]}}