{"id":75,"date":"2019-10-14T10:26:24","date_gmt":"2019-10-14T08:26:24","guid":{"rendered":"http:\/\/institut-lapalud.fr\/?page_id=75"},"modified":"2024-07-04T15:53:18","modified_gmt":"2024-07-04T13:53:18","slug":"beaute-des-mains-et-des-pieds","status":"publish","type":"page","link":"https:\/\/institut-lapalud.fr\/?page_id=75","title":{"rendered":"BEAUTE DES MAINS ET DES PIEDS"},"content":{"rendered":"\t\t<div data-elementor-type=\"wp-page\" data-elementor-id=\"75\" class=\"elementor elementor-75\">\n\t\t\t\t\t\t<div class=\"elementor-inner\">\n\t\t\t\t<div class=\"elementor-section-wrap\">\n\t\t\t\t\t\t\t\t\t<section class=\"elementor-section elementor-top-section elementor-element elementor-element-1e24958 elementor-section-boxed elementor-section-height-default elementor-section-height-default\" data-id=\"1e24958\" data-element_type=\"section\">\n\t\t\t\t\t\t<div class=\"elementor-container elementor-column-gap-default\">\n\t\t\t\t\t\t\t<div class=\"elementor-row\">\n\t\t\t\t\t<div class=\"elementor-column elementor-col-100 elementor-top-column elementor-element elementor-element-9c2bd92\" data-id=\"9c2bd92\" data-element_type=\"column\">\n\t\t\t<div class=\"elementor-column-wrap elementor-element-populated\">\n\t\t\t\t\t\t\t<div class=\"elementor-widget-wrap\">\n\t\t\t\t\t\t<div class=\"elementor-element elementor-element-9a13643 elementor-widget elementor-widget-heading\" data-id=\"9a13643\" data-element_type=\"widget\" data-widget_type=\"heading.default\">\n\t\t\t\t<div class=\"elementor-widget-container\">\n\t\t\t<h1 class=\"elementor-heading-title elementor-size-default\">Beaut\u00e9 des mains et des pieds<\/h1>\t\t<\/div>\n\t\t\t\t<\/div>\n\t\t\t\t\t\t<\/div>\n\t\t\t\t\t<\/div>\n\t\t<\/div>\n\t\t\t\t\t\t\t\t<\/div>\n\t\t\t\t\t<\/div>\n\t\t<\/section>\n\t\t\t\t<section class=\"elementor-section elementor-top-section elementor-element elementor-element-a37559c elementor-section-boxed elementor-section-height-default elementor-section-height-default\" data-id=\"a37559c\" data-element_type=\"section\">\n\t\t\t\t\t\t<div class=\"elementor-container elementor-column-gap-default\">\n\t\t\t\t\t\t\t<div class=\"elementor-row\">\n\t\t\t\t\t<div class=\"elementor-column elementor-col-25 elementor-top-column elementor-element elementor-element-fc4ff58\" data-id=\"fc4ff58\" data-element_type=\"column\">\n\t\t\t<div class=\"elementor-column-wrap elementor-element-populated\">\n\t\t\t\t\t\t\t<div class=\"elementor-widget-wrap\">\n\t\t\t\t\t\t<div class=\"elementor-element elementor-element-4a6e221 elementor-widget elementor-widget-text-editor\" data-id=\"4a6e221\" data-element_type=\"widget\" data-widget_type=\"text-editor.default\">\n\t\t\t\t<div class=\"elementor-widget-container\">\n\t\t\t\t\t\t\t\t<div class=\"elementor-text-editor elementor-clearfix\">\n\t\t\t\t<p><span style=\"text-decoration: underline; color: #ff00ff;\"><strong>\u00a0 \u00a0 \u00a0 \u00a0 \u00a0 \u00a0 \u00a0 \u00a0 \u00a0 \u00a0MAINS<\/strong><\/span><\/p><p><span style=\"color: #000000;\">\u00a0 Beaut\u00e9 des mains \u00a0(Manucure)<\/span><\/p><p><span style=\"color: #000000;\">\u00a0Beaut\u00e9 des mains (avec\u00a0 \u00a0modelage)<\/span><\/p><p><span style=\"color: #000000;\">Pose de semi-permanent\u00a0<\/span><\/p><p>Mains\u00a0<\/p><p>Pieds<\/p><p>D\u00e9pose vernis semi-permanent<\/p>\t\t\t\t\t<\/div>\n\t\t\t\t\t\t<\/div>\n\t\t\t\t<\/div>\n\t\t\t\t\t\t<\/div>\n\t\t\t\t\t<\/div>\n\t\t<\/div>\n\t\t\t\t<div class=\"elementor-column elementor-col-25 elementor-top-column elementor-element elementor-element-bf9f2b2\" data-id=\"bf9f2b2\" data-element_type=\"column\">\n\t\t\t<div class=\"elementor-column-wrap elementor-element-populated\">\n\t\t\t\t\t\t\t<div class=\"elementor-widget-wrap\">\n\t\t\t\t\t\t<div class=\"elementor-element elementor-element-55791f9 elementor-widget elementor-widget-text-editor\" data-id=\"55791f9\" data-element_type=\"widget\" data-widget_type=\"text-editor.default\">\n\t\t\t\t<div class=\"elementor-widget-container\">\n\t\t\t\t\t\t\t\t<div class=\"elementor-text-editor elementor-clearfix\">\n\t\t\t\t<p><span style=\"color: #ff00ff;\">\u00a0<\/span><\/p><p><span style=\"color: #ff00ff;\">35\u20ac\/ 40min<\/span><\/p><p><span style=\"color: #ff00ff;\">45\u20ac\/1H<\/span><\/p><p>\u00a0<\/p><p>30\u20ac\/1H<\/p><p>25\u20ac\/45min<\/p><p>10\u20ac\/20min<\/p>\t\t\t\t\t<\/div>\n\t\t\t\t\t\t<\/div>\n\t\t\t\t<\/div>\n\t\t\t\t\t\t<\/div>\n\t\t\t\t\t<\/div>\n\t\t<\/div>\n\t\t\t\t<div class=\"elementor-column elementor-col-25 elementor-top-column elementor-element elementor-element-a6e209c\" data-id=\"a6e209c\" data-element_type=\"column\">\n\t\t\t<div class=\"elementor-column-wrap elementor-element-populated\">\n\t\t\t\t\t\t\t<div class=\"elementor-widget-wrap\">\n\t\t\t\t\t\t<div class=\"elementor-element elementor-element-ae003d8 elementor-widget elementor-widget-text-editor\" data-id=\"ae003d8\" data-element_type=\"widget\" data-widget_type=\"text-editor.default\">\n\t\t\t\t<div class=\"elementor-widget-container\">\n\t\t\t\t\t\t\t\t<div class=\"elementor-text-editor elementor-clearfix\">\n\t\t\t\t<p><span style=\"text-decoration: underline; color: #800080;\"><strong>\u00a0 \u00a0 \u00a0 \u00a0 \u00a0 \u00a0 \u00a0 \u00a0 \u00a0 \u00a0 PIEDS<\/strong><\/span><\/p><p><span style=\"color: #000000;\">\u00a0Beaut\u00e9 des pieds soin d\u00e9fatiguant (P\u00e9dicure)<\/span><\/p><p><span style=\"color: #000000;\">\u00a0Beaut\u00e9 des pieds (avec\u00a0 \u00a0modelage)<\/span><\/p><p><a href=\"https:\/\/institut-lapalud.fr\/?page_id=28\"><span style=\"color: #000000;\">\u00a0R\u00e9flexologie plantaire 45min\/1h<\/span><\/a><\/p><p><span style=\"color: #333333;\">Pose de semi permanent pieds\u00a0<\/span><\/p>\t\t\t\t\t<\/div>\n\t\t\t\t\t\t<\/div>\n\t\t\t\t<\/div>\n\t\t\t\t\t\t<\/div>\n\t\t\t\t\t<\/div>\n\t\t<\/div>\n\t\t\t\t<div class=\"elementor-column elementor-col-25 elementor-top-column elementor-element elementor-element-e11aa5f\" data-id=\"e11aa5f\" data-element_type=\"column\">\n\t\t\t<div class=\"elementor-column-wrap elementor-element-populated\">\n\t\t\t\t\t\t\t<div class=\"elementor-widget-wrap\">\n\t\t\t\t\t\t<div class=\"elementor-element elementor-element-9453841 elementor-widget elementor-widget-text-editor\" data-id=\"9453841\" data-element_type=\"widget\" data-widget_type=\"text-editor.default\">\n\t\t\t\t<div class=\"elementor-widget-container\">\n\t\t\t\t\t\t\t\t<div class=\"elementor-text-editor elementor-clearfix\">\n\t\t\t\t<p><span style=\"color: #993366;\">\u00a0<\/span><\/p><p>\u00a0<\/p><p><span style=\"color: #993366;\">35\u20ac\/ 40min<\/span><\/p><p><span style=\"color: #993366;\">45\u20ac\/50min<\/span><\/p><p><span style=\"color: #993366;\">45\u20ac\/1h<\/span><\/p><p><span style=\"color: #993366;\">25\u20ac<\/span><\/p>\t\t\t\t\t<\/div>\n\t\t\t\t\t\t<\/div>\n\t\t\t\t<\/div>\n\t\t\t\t\t\t<\/div>\n\t\t\t\t\t<\/div>\n\t\t<\/div>\n\t\t\t\t\t\t\t\t<\/div>\n\t\t\t\t\t<\/div>\n\t\t<\/section>\n\t\t\t\t<section class=\"elementor-section elementor-top-section elementor-element elementor-element-06b0422 elementor-section-boxed elementor-section-height-default elementor-section-height-default\" data-id=\"06b0422\" data-element_type=\"section\">\n\t\t\t\t\t\t<div class=\"elementor-container elementor-column-gap-default\">\n\t\t\t\t\t\t\t<div class=\"elementor-row\">\n\t\t\t\t\t<div class=\"elementor-column elementor-col-33 elementor-top-column elementor-element elementor-element-10b7d68\" data-id=\"10b7d68\" data-element_type=\"column\">\n\t\t\t<div class=\"elementor-column-wrap elementor-element-populated\">\n\t\t\t\t\t\t\t<div class=\"elementor-widget-wrap\">\n\t\t\t\t\t\t<div class=\"elementor-element elementor-element-b338f17 elementor-widget elementor-widget-image\" data-id=\"b338f17\" data-element_type=\"widget\" data-widget_type=\"image.default\">\n\t\t\t\t<div class=\"elementor-widget-container\">\n\t\t\t\t\t\t\t\t<div class=\"elementor-image\">\n\t\t\t\t\t\t\t\t\t\t\t\t<img decoding=\"async\" width=\"169\" height=\"300\" src=\"https:\/\/institut-lapalud.fr\/wp-content\/uploads\/2019\/10\/FB_IMG_1571684735051-169x300.jpg\" class=\"attachment-medium size-medium wp-image-394\" alt=\"\" loading=\"lazy\" srcset=\"https:\/\/institut-lapalud.fr\/wp-content\/uploads\/2019\/10\/FB_IMG_1571684735051-169x300.jpg 169w, https:\/\/institut-lapalud.fr\/wp-content\/uploads\/2019\/10\/FB_IMG_1571684735051-576x1024.jpg 576w, https:\/\/institut-lapalud.fr\/wp-content\/uploads\/2019\/10\/FB_IMG_1571684735051.jpg 689w\" sizes=\"(max-width: 169px) 100vw, 169px\" \/>\t\t\t\t\t\t\t\t\t\t\t\t\t\t<\/div>\n\t\t\t\t\t\t<\/div>\n\t\t\t\t<\/div>\n\t\t\t\t\t\t<\/div>\n\t\t\t\t\t<\/div>\n\t\t<\/div>\n\t\t\t\t<div class=\"elementor-column elementor-col-33 elementor-top-column elementor-element elementor-element-1866101\" data-id=\"1866101\" data-element_type=\"column\">\n\t\t\t<div class=\"elementor-column-wrap elementor-element-populated\">\n\t\t\t\t\t\t\t<div class=\"elementor-widget-wrap\">\n\t\t\t\t\t\t<div class=\"elementor-element elementor-element-69253b6 elementor-widget elementor-widget-image\" data-id=\"69253b6\" data-element_type=\"widget\" data-widget_type=\"image.default\">\n\t\t\t\t<div class=\"elementor-widget-container\">\n\t\t\t\t\t\t\t\t<div class=\"elementor-image\">\n\t\t\t\t\t\t\t\t\t\t\t\t<img decoding=\"async\" width=\"1024\" height=\"584\" src=\"https:\/\/institut-lapalud.fr\/wp-content\/uploads\/2019\/10\/FB_IMG_1571684706706-1-1024x584.jpg\" class=\"attachment-large size-large wp-image-395\" alt=\"\" loading=\"lazy\" srcset=\"https:\/\/institut-lapalud.fr\/wp-content\/uploads\/2019\/10\/FB_IMG_1571684706706-1-1024x584.jpg 1024w, https:\/\/institut-lapalud.fr\/wp-content\/uploads\/2019\/10\/FB_IMG_1571684706706-1-300x171.jpg 300w, https:\/\/institut-lapalud.fr\/wp-content\/uploads\/2019\/10\/FB_IMG_1571684706706-1-768x438.jpg 768w, https:\/\/institut-lapalud.fr\/wp-content\/uploads\/2019\/10\/FB_IMG_1571684706706-1.jpg 1123w\" sizes=\"(max-width: 1024px) 100vw, 1024px\" \/>\t\t\t\t\t\t\t\t\t\t\t\t\t\t<\/div>\n\t\t\t\t\t\t<\/div>\n\t\t\t\t<\/div>\n\t\t\t\t\t\t<\/div>\n\t\t\t\t\t<\/div>\n\t\t<\/div>\n\t\t\t\t<div class=\"elementor-column elementor-col-33 elementor-top-column elementor-element elementor-element-0c3efe0\" data-id=\"0c3efe0\" data-element_type=\"column\">\n\t\t\t<div class=\"elementor-column-wrap elementor-element-populated\">\n\t\t\t\t\t\t\t<div class=\"elementor-widget-wrap\">\n\t\t\t\t\t\t<div class=\"elementor-element elementor-element-a233110 elementor-widget elementor-widget-image\" data-id=\"a233110\" data-element_type=\"widget\" data-widget_type=\"image.default\">\n\t\t\t\t<div class=\"elementor-widget-container\">\n\t\t\t\t\t\t\t\t<div class=\"elementor-image\">\n\t\t\t\t\t\t\t\t\t\t\t\t<img decoding=\"async\" width=\"171\" height=\"300\" src=\"https:\/\/institut-lapalud.fr\/wp-content\/uploads\/2019\/10\/FB_IMG_1571684680089-171x300.jpg\" class=\"attachment-medium size-medium wp-image-396\" alt=\"\" loading=\"lazy\" srcset=\"https:\/\/institut-lapalud.fr\/wp-content\/uploads\/2019\/10\/FB_IMG_1571684680089-171x300.jpg 171w, https:\/\/institut-lapalud.fr\/wp-content\/uploads\/2019\/10\/FB_IMG_1571684680089.jpg 546w\" sizes=\"(max-width: 171px) 100vw, 171px\" \/>\t\t\t\t\t\t\t\t\t\t\t\t\t\t<\/div>\n\t\t\t\t\t\t<\/div>\n\t\t\t\t<\/div>\n\t\t\t\t\t\t<\/div>\n\t\t\t\t\t<\/div>\n\t\t<\/div>\n\t\t\t\t\t\t\t\t<\/div>\n\t\t\t\t\t<\/div>\n\t\t<\/section>\n\t\t\t\t\t\t\t\t\t<\/div>\n\t\t\t<\/div>\n\t\t\t\t\t<\/div>\n\t\t","protected":false},"excerpt":{"rendered":"<p>Beaut\u00e9 des mains et des pieds \u00a0 \u00a0 \u00a0 \u00a0 \u00a0 \u00a0 \u00a0 \u00a0 \u00a0 \u00a0MAINS \u00a0 Beaut\u00e9 des mains \u00a0(Manucure) \u00a0Beaut\u00e9 des mains (avec\u00a0 \u00a0modelage) Pose de semi-permanent\u00a0 Mains\u00a0 Pieds D\u00e9pose vernis semi-permanent \u00a0 35\u20ac\/ 40min 45\u20ac\/1H \u00a0 30\u20ac\/1H 25\u20ac\/45min 10\u20ac\/20min \u00a0 \u00a0 \u00a0 \u00a0 \u00a0 \u00a0 \u00a0 \u00a0 \u00a0 \u00a0 PIEDS \u00a0Beaut\u00e9 des [&hellip;]<\/p>\n","protected":false},"author":1,"featured_media":0,"parent":0,"menu_order":0,"comment_status":"closed","ping_status":"closed","template":"","meta":{"site-sidebar-layout":"no-sidebar","site-content-layout":"page-builder","ast-site-content-layout":"full-width-container","site-content-style":"unboxed","site-sidebar-style":"unboxed","ast-global-header-display":"","ast-banner-title-visibility":"","ast-main-header-display":"","ast-hfb-above-header-display":"","ast-hfb-below-header-display":"","ast-hfb-mobile-header-display":"","site-post-title":"disabled","ast-breadcrumbs-content":"","ast-featured-img":"disabled","footer-sml-layout":"","theme-transparent-header-meta":"default","adv-header-id-meta":"","stick-header-meta":"","header-above-stick-meta":"","header-main-stick-meta":"","header-below-stick-meta":"","astra-migrate-meta-layouts":"set","ast-page-background-enabled":"default","ast-page-background-meta":{"desktop":{"background-color":"","background-image":"","background-repeat":"repeat","background-position":"center center","background-size":"auto","background-attachment":"scroll","background-type":"","background-media":"","overlay-type":"","overlay-color":"","overlay-gradient":""},"tablet":{"background-color":"","background-image":"","background-repeat":"repeat","background-position":"center center","background-size":"auto","background-attachment":"scroll","background-type":"","background-media":"","overlay-type":"","overlay-color":"","overlay-gradient":""},"mobile":{"background-color":"","background-image":"","background-repeat":"repeat","background-position":"center center","background-size":"auto","background-attachment":"scroll","background-type":"","background-media":"","overlay-type":"","overlay-color":"","overlay-gradient":""}},"ast-content-background-meta":{"desktop":{"background-color":"var(--ast-global-color-5)","background-image":"","background-repeat":"repeat","background-position":"center center","background-size":"auto","background-attachment":"scroll","background-type":"","background-media":"","overlay-type":"","overlay-color":"","overlay-gradient":""},"tablet":{"background-color":"var(--ast-global-color-5)","background-image":"","background-repeat":"repeat","background-position":"center center","background-size":"auto","background-attachment":"scroll","background-type":"","background-media":"","overlay-type":"","overlay-color":"","overlay-gradient":""},"mobile":{"background-color":"var(--ast-global-color-5)","background-image":"","background-repeat":"repeat","background-position":"center center","background-size":"auto","background-attachment":"scroll","background-type":"","background-media":"","overlay-type":"","overlay-color":"","overlay-gradient":""}}},"_links":{"self":[{"href":"https:\/\/institut-lapalud.fr\/index.php?rest_route=\/wp\/v2\/pages\/75"}],"collection":[{"href":"https:\/\/institut-lapalud.fr\/index.php?rest_route=\/wp\/v2\/pages"}],"about":[{"href":"https:\/\/institut-lapalud.fr\/index.php?rest_route=\/wp\/v2\/types\/page"}],"author":[{"embeddable":true,"href":"https:\/\/institut-lapalud.fr\/index.php?rest_route=\/wp\/v2\/users\/1"}],"replies":[{"embeddable":true,"href":"https:\/\/institut-lapalud.fr\/index.php?rest_route=%2Fwp%2Fv2%2Fcomments&post=75"}],"version-history":[{"count":145,"href":"https:\/\/institut-lapalud.fr\/index.php?rest_route=\/wp\/v2\/pages\/75\/revisions"}],"predecessor-version":[{"id":1947,"href":"https:\/\/institut-lapalud.fr\/index.php?rest_route=\/wp\/v2\/pages\/75\/revisions\/1947"}],"wp:attachment":[{"href":"https:\/\/institut-lapalud.fr\/index.php?rest_route=%2Fwp%2Fv2%2Fmedia&parent=75"}],"curies":[{"name":"wp","href":"https:\/\/api.w.org\/{rel}","templated":true}]}}