{"id":1276,"date":"2022-11-28T17:19:49","date_gmt":"2022-11-28T16:19:49","guid":{"rendered":"https:\/\/institut-lapalud.fr\/?page_id=1276"},"modified":"2024-01-29T11:32:15","modified_gmt":"2024-01-29T10:32:15","slug":"soin-visage-photo-rajeunissant","status":"publish","type":"page","link":"https:\/\/institut-lapalud.fr\/?page_id=1276","title":{"rendered":"SOIN VISAGE PHOTO-RAJEUNISSANT"},"content":{"rendered":"\t\t<div data-elementor-type=\"wp-page\" data-elementor-id=\"1276\" class=\"elementor elementor-1276\">\n\t\t\t\t\t\t<div class=\"elementor-inner\">\n\t\t\t\t<div class=\"elementor-section-wrap\">\n\t\t\t\t\t\t\t\t\t<section class=\"elementor-section elementor-top-section elementor-element elementor-element-7b301c6 elementor-section-boxed elementor-section-height-default elementor-section-height-default\" data-id=\"7b301c6\" data-element_type=\"section\">\n\t\t\t\t\t\t<div class=\"elementor-container elementor-column-gap-default\">\n\t\t\t\t\t\t\t<div class=\"elementor-row\">\n\t\t\t\t\t<div class=\"elementor-column elementor-col-50 elementor-top-column elementor-element elementor-element-69ce029\" data-id=\"69ce029\" data-element_type=\"column\">\n\t\t\t<div class=\"elementor-column-wrap elementor-element-populated\">\n\t\t\t\t\t\t\t<div class=\"elementor-widget-wrap\">\n\t\t\t\t\t\t<div class=\"elementor-element elementor-element-afc0cd0 elementor-widget elementor-widget-text-editor\" data-id=\"afc0cd0\" data-element_type=\"widget\" data-widget_type=\"text-editor.default\">\n\t\t\t\t<div class=\"elementor-widget-container\">\n\t\t\t\t\t\t\t\t<div class=\"elementor-text-editor elementor-clearfix\">\n\t\t\t\t<p><span style=\"text-decoration: underline;\"><strong>SOIN VISAGE HYDRALISS<\/strong><\/span><\/p><p>Soins et lumi\u00e8re&#8230;<\/p><p>A partir de 30 ans, la production de collag\u00e8ne et d&rsquo;\u00e9lastine diminue. Cette diminution se traduit par l&rsquo;apparition des rides et par un rel\u00e2chement cutan\u00e9.<\/p><p>L&rsquo;onde lumineuse Amy 2.0 \u00e9mise et transform\u00e9e en chaleur, stimule l&rsquo;eau intradermique contenue dans le derme ainsi que les cellules. Elle permet une diminution des imperfections cutan\u00e9es, pour une uniformit\u00e9\u00a0 et \u00e9clat du teint optimal.<\/p><p><strong>COUP D&rsquo;ECLAT<\/strong> (R\u00e9duit les t\u00e2ches pigmentaire et\u00a0 les ridules)<\/p><p><strong>GRAIN DE PEAU LISSE<\/strong> ( peau grasse r\u00e9gul\u00e9e, visage purifi\u00e9 en profondeur, pores resserr\u00e9s)<\/p><p><strong>ROUGEURS ATTENUEES<\/strong> ( stimulation des cellules d&rsquo;\u00e9lastine, de collag\u00e8ne, et les friboplastes).<\/p>\t\t\t\t\t<\/div>\n\t\t\t\t\t\t<\/div>\n\t\t\t\t<\/div>\n\t\t\t\t\t\t<\/div>\n\t\t\t\t\t<\/div>\n\t\t<\/div>\n\t\t\t\t<div class=\"elementor-column elementor-col-50 elementor-top-column elementor-element elementor-element-3234299\" data-id=\"3234299\" data-element_type=\"column\">\n\t\t\t<div class=\"elementor-column-wrap elementor-element-populated\">\n\t\t\t\t\t\t\t<div class=\"elementor-widget-wrap\">\n\t\t\t\t\t\t<div class=\"elementor-element elementor-element-da9065c elementor-widget elementor-widget-text-editor\" data-id=\"da9065c\" data-element_type=\"widget\" data-widget_type=\"text-editor.default\">\n\t\t\t\t<div class=\"elementor-widget-container\">\n\t\t\t\t\t\t\t\t<div class=\"elementor-text-editor elementor-clearfix\">\n\t\t\t\t<p><span style=\"text-decoration: underline;\"><strong>SEANCE\u00a0<\/strong><\/span><\/p><p><strong>VISAGE<\/strong> 50\u20ac\/ 30MIN<\/p><p><strong>COU ET DECOLLETE<\/strong> 50\u20ac\/ 30MIN<\/p><p><strong>CREME VELOURS<\/strong> Pr\u00e9biotique et biotechnologie\u00a0 marine<\/p><p>19.90\u20ac \/ 50ml<\/p><p>39.90\u20ac\/200ml<\/p>\t\t\t\t\t<\/div>\n\t\t\t\t\t\t<\/div>\n\t\t\t\t<\/div>\n\t\t\t\t\t\t<\/div>\n\t\t\t\t\t<\/div>\n\t\t<\/div>\n\t\t\t\t\t\t\t\t<\/div>\n\t\t\t\t\t<\/div>\n\t\t<\/section>\n\t\t\t\t<section class=\"elementor-section elementor-top-section elementor-element elementor-element-d0a7dc7 elementor-section-boxed elementor-section-height-default elementor-section-height-default\" data-id=\"d0a7dc7\" data-element_type=\"section\">\n\t\t\t\t\t\t<div class=\"elementor-container elementor-column-gap-default\">\n\t\t\t\t\t\t\t<div class=\"elementor-row\">\n\t\t\t\t\t<div class=\"elementor-column elementor-col-25 elementor-top-column elementor-element elementor-element-237412d\" data-id=\"237412d\" data-element_type=\"column\">\n\t\t\t<div class=\"elementor-column-wrap elementor-element-populated\">\n\t\t\t\t\t\t\t<div class=\"elementor-widget-wrap\">\n\t\t\t\t\t\t<div class=\"elementor-element elementor-element-442937b elementor-widget elementor-widget-image\" data-id=\"442937b\" data-element_type=\"widget\" data-widget_type=\"image.default\">\n\t\t\t\t<div class=\"elementor-widget-container\">\n\t\t\t\t\t\t\t\t<div class=\"elementor-image\">\n\t\t\t\t\t\t\t\t\t\t\t\t<img decoding=\"async\" width=\"1024\" height=\"683\" src=\"https:\/\/institut-lapalud.fr\/wp-content\/uploads\/2022\/11\/affiche-2-2-1024x683.jpg\" class=\"attachment-large size-large wp-image-1278\" alt=\"\" loading=\"lazy\" srcset=\"https:\/\/institut-lapalud.fr\/wp-content\/uploads\/2022\/11\/affiche-2-2-1024x683.jpg 1024w, https:\/\/institut-lapalud.fr\/wp-content\/uploads\/2022\/11\/affiche-2-2-300x200.jpg 300w, https:\/\/institut-lapalud.fr\/wp-content\/uploads\/2022\/11\/affiche-2-2-768x512.jpg 768w, https:\/\/institut-lapalud.fr\/wp-content\/uploads\/2022\/11\/affiche-2-2-1536x1024.jpg 1536w, https:\/\/institut-lapalud.fr\/wp-content\/uploads\/2022\/11\/affiche-2-2.jpg 2048w\" sizes=\"(max-width: 1024px) 100vw, 1024px\" \/>\t\t\t\t\t\t\t\t\t\t\t\t\t\t<\/div>\n\t\t\t\t\t\t<\/div>\n\t\t\t\t<\/div>\n\t\t\t\t\t\t<\/div>\n\t\t\t\t\t<\/div>\n\t\t<\/div>\n\t\t\t\t<div class=\"elementor-column elementor-col-25 elementor-top-column elementor-element elementor-element-ae1aa56\" data-id=\"ae1aa56\" data-element_type=\"column\">\n\t\t\t<div class=\"elementor-column-wrap elementor-element-populated\">\n\t\t\t\t\t\t\t<div class=\"elementor-widget-wrap\">\n\t\t\t\t\t\t<div class=\"elementor-element elementor-element-12283e5 elementor-widget elementor-widget-image\" data-id=\"12283e5\" data-element_type=\"widget\" data-widget_type=\"image.default\">\n\t\t\t\t<div class=\"elementor-widget-container\">\n\t\t\t\t\t\t\t\t<div class=\"elementor-image\">\n\t\t\t\t\t\t\t\t\t\t\t\t<img decoding=\"async\" width=\"1024\" height=\"723\" src=\"https:\/\/institut-lapalud.fr\/wp-content\/uploads\/2022\/11\/TARIFS-CONSEILLES-AMY-OK-3-1024x723.jpg\" class=\"attachment-large size-large wp-image-1282\" alt=\"\" loading=\"lazy\" srcset=\"https:\/\/institut-lapalud.fr\/wp-content\/uploads\/2022\/11\/TARIFS-CONSEILLES-AMY-OK-3-1024x723.jpg 1024w, https:\/\/institut-lapalud.fr\/wp-content\/uploads\/2022\/11\/TARIFS-CONSEILLES-AMY-OK-3-300x212.jpg 300w, https:\/\/institut-lapalud.fr\/wp-content\/uploads\/2022\/11\/TARIFS-CONSEILLES-AMY-OK-3-768x542.jpg 768w, https:\/\/institut-lapalud.fr\/wp-content\/uploads\/2022\/11\/TARIFS-CONSEILLES-AMY-OK-3-1536x1085.jpg 1536w, https:\/\/institut-lapalud.fr\/wp-content\/uploads\/2022\/11\/TARIFS-CONSEILLES-AMY-OK-3-2048x1447.jpg 2048w\" sizes=\"(max-width: 1024px) 100vw, 1024px\" \/>\t\t\t\t\t\t\t\t\t\t\t\t\t\t<\/div>\n\t\t\t\t\t\t<\/div>\n\t\t\t\t<\/div>\n\t\t\t\t\t\t<\/div>\n\t\t\t\t\t<\/div>\n\t\t<\/div>\n\t\t\t\t<div class=\"elementor-column elementor-col-25 elementor-top-column elementor-element elementor-element-67e3ba2\" data-id=\"67e3ba2\" data-element_type=\"column\">\n\t\t\t<div class=\"elementor-column-wrap elementor-element-populated\">\n\t\t\t\t\t\t\t<div class=\"elementor-widget-wrap\">\n\t\t\t\t\t\t<div class=\"elementor-element elementor-element-d9d7986 elementor-widget elementor-widget-image\" data-id=\"d9d7986\" data-element_type=\"widget\" data-widget_type=\"image.default\">\n\t\t\t\t<div class=\"elementor-widget-container\">\n\t\t\t\t\t\t\t\t<div class=\"elementor-image\">\n\t\t\t\t\t\t\t\t\t\t\t\t<img decoding=\"async\" width=\"1024\" height=\"768\" src=\"https:\/\/institut-lapalud.fr\/wp-content\/uploads\/2022\/11\/AVANT_APRES-SOIN-VISAGE-HYDRALISS-1-2-1024x768.png\" class=\"attachment-large size-large wp-image-1286\" alt=\"\" loading=\"lazy\" srcset=\"https:\/\/institut-lapalud.fr\/wp-content\/uploads\/2022\/11\/AVANT_APRES-SOIN-VISAGE-HYDRALISS-1-2-1024x768.png 1024w, https:\/\/institut-lapalud.fr\/wp-content\/uploads\/2022\/11\/AVANT_APRES-SOIN-VISAGE-HYDRALISS-1-2-300x225.png 300w, https:\/\/institut-lapalud.fr\/wp-content\/uploads\/2022\/11\/AVANT_APRES-SOIN-VISAGE-HYDRALISS-1-2-768x576.png 768w, https:\/\/institut-lapalud.fr\/wp-content\/uploads\/2022\/11\/AVANT_APRES-SOIN-VISAGE-HYDRALISS-1-2-1536x1152.png 1536w, https:\/\/institut-lapalud.fr\/wp-content\/uploads\/2022\/11\/AVANT_APRES-SOIN-VISAGE-HYDRALISS-1-2.png 1600w\" sizes=\"(max-width: 1024px) 100vw, 1024px\" \/>\t\t\t\t\t\t\t\t\t\t\t\t\t\t<\/div>\n\t\t\t\t\t\t<\/div>\n\t\t\t\t<\/div>\n\t\t\t\t\t\t<\/div>\n\t\t\t\t\t<\/div>\n\t\t<\/div>\n\t\t\t\t<div class=\"elementor-column elementor-col-25 elementor-top-column elementor-element elementor-element-ae5ace6\" data-id=\"ae5ace6\" data-element_type=\"column\">\n\t\t\t<div class=\"elementor-column-wrap elementor-element-populated\">\n\t\t\t\t\t\t\t<div class=\"elementor-widget-wrap\">\n\t\t\t\t\t\t<div class=\"elementor-element elementor-element-dd1339e elementor-widget elementor-widget-image\" data-id=\"dd1339e\" data-element_type=\"widget\" data-widget_type=\"image.default\">\n\t\t\t\t<div class=\"elementor-widget-container\">\n\t\t\t\t\t\t\t\t<div class=\"elementor-image\">\n\t\t\t\t\t\t\t\t\t\t\t\t<img decoding=\"async\" width=\"1024\" height=\"723\" src=\"https:\/\/institut-lapalud.fr\/wp-content\/uploads\/2022\/11\/VELOURS-1-1-1024x723.jpg\" class=\"attachment-large size-large wp-image-1290\" alt=\"\" loading=\"lazy\" srcset=\"https:\/\/institut-lapalud.fr\/wp-content\/uploads\/2022\/11\/VELOURS-1-1-1024x723.jpg 1024w, https:\/\/institut-lapalud.fr\/wp-content\/uploads\/2022\/11\/VELOURS-1-1-300x212.jpg 300w, https:\/\/institut-lapalud.fr\/wp-content\/uploads\/2022\/11\/VELOURS-1-1-768x542.jpg 768w, https:\/\/institut-lapalud.fr\/wp-content\/uploads\/2022\/11\/VELOURS-1-1-1536x1084.jpg 1536w, https:\/\/institut-lapalud.fr\/wp-content\/uploads\/2022\/11\/VELOURS-1-1-2048x1445.jpg 2048w\" sizes=\"(max-width: 1024px) 100vw, 1024px\" \/>\t\t\t\t\t\t\t\t\t\t\t\t\t\t<\/div>\n\t\t\t\t\t\t<\/div>\n\t\t\t\t<\/div>\n\t\t\t\t\t\t<\/div>\n\t\t\t\t\t<\/div>\n\t\t<\/div>\n\t\t\t\t\t\t\t\t<\/div>\n\t\t\t\t\t<\/div>\n\t\t<\/section>\n\t\t\t\t<section class=\"elementor-section elementor-top-section elementor-element elementor-element-d976c5b elementor-section-boxed elementor-section-height-default elementor-section-height-default\" data-id=\"d976c5b\" data-element_type=\"section\">\n\t\t\t\t\t\t<div class=\"elementor-container elementor-column-gap-default\">\n\t\t\t\t\t\t\t<div class=\"elementor-row\">\n\t\t\t\t\t<div class=\"elementor-column elementor-col-100 elementor-top-column elementor-element elementor-element-70596de\" data-id=\"70596de\" data-element_type=\"column\">\n\t\t\t<div class=\"elementor-column-wrap elementor-element-populated\">\n\t\t\t\t\t\t\t<div class=\"elementor-widget-wrap\">\n\t\t\t\t\t\t<div class=\"elementor-element elementor-element-3160088 elementor-widget elementor-widget-image\" data-id=\"3160088\" data-element_type=\"widget\" data-widget_type=\"image.default\">\n\t\t\t\t<div class=\"elementor-widget-container\">\n\t\t\t\t\t\t\t\t<div class=\"elementor-image\">\n\t\t\t\t\t\t\t\t\t\t\t\t<img decoding=\"async\" width=\"245\" height=\"300\" src=\"https:\/\/institut-lapalud.fr\/wp-content\/uploads\/2024\/01\/Screenshot_20240126_144724_Photos-site-internet-245x300.jpg\" class=\"attachment-medium size-medium wp-image-1846\" alt=\"\" loading=\"lazy\" srcset=\"https:\/\/institut-lapalud.fr\/wp-content\/uploads\/2024\/01\/Screenshot_20240126_144724_Photos-site-internet-245x300.jpg 245w, https:\/\/institut-lapalud.fr\/wp-content\/uploads\/2024\/01\/Screenshot_20240126_144724_Photos-site-internet.jpg 720w\" sizes=\"(max-width: 245px) 100vw, 245px\" \/>\t\t\t\t\t\t\t\t\t\t\t\t\t\t<\/div>\n\t\t\t\t\t\t<\/div>\n\t\t\t\t<\/div>\n\t\t\t\t\t\t<\/div>\n\t\t\t\t\t<\/div>\n\t\t<\/div>\n\t\t\t\t\t\t\t\t<\/div>\n\t\t\t\t\t<\/div>\n\t\t<\/section>\n\t\t\t\t\t\t\t\t\t<\/div>\n\t\t\t<\/div>\n\t\t\t\t\t<\/div>\n\t\t","protected":false},"excerpt":{"rendered":"<p>SOIN VISAGE HYDRALISS Soins et lumi\u00e8re&#8230; A partir de 30 ans, la production de collag\u00e8ne et d&rsquo;\u00e9lastine diminue. Cette diminution se traduit par l&rsquo;apparition des rides et par un rel\u00e2chement cutan\u00e9. L&rsquo;onde lumineuse Amy 2.0 \u00e9mise et transform\u00e9e en chaleur, stimule l&rsquo;eau intradermique contenue dans le derme ainsi que les cellules. Elle permet une diminution [&hellip;]<\/p>\n","protected":false},"author":1,"featured_media":0,"parent":0,"menu_order":0,"comment_status":"closed","ping_status":"closed","template":"","meta":{"site-sidebar-layout":"no-sidebar","site-content-layout":"page-builder","ast-site-content-layout":"full-width-container","site-content-style":"unboxed","site-sidebar-style":"unboxed","ast-global-header-display":"","ast-banner-title-visibility":"","ast-main-header-display":"","ast-hfb-above-header-display":"","ast-hfb-below-header-display":"","ast-hfb-mobile-header-display":"","site-post-title":"disabled","ast-breadcrumbs-content":"","ast-featured-img":"disabled","footer-sml-layout":"","theme-transparent-header-meta":"","adv-header-id-meta":"","stick-header-meta":"","header-above-stick-meta":"","header-main-stick-meta":"","header-below-stick-meta":"","astra-migrate-meta-layouts":"set","ast-page-background-enabled":"default","ast-page-background-meta":{"desktop":{"background-color":"","background-image":"","background-repeat":"repeat","background-position":"center center","background-size":"auto","background-attachment":"scroll","background-type":"","background-media":"","overlay-type":"","overlay-color":"","overlay-gradient":""},"tablet":{"background-color":"","background-image":"","background-repeat":"repeat","background-position":"center center","background-size":"auto","background-attachment":"scroll","background-type":"","background-media":"","overlay-type":"","overlay-color":"","overlay-gradient":""},"mobile":{"background-color":"","background-image":"","background-repeat":"repeat","background-position":"center center","background-size":"auto","background-attachment":"scroll","background-type":"","background-media":"","overlay-type":"","overlay-color":"","overlay-gradient":""}},"ast-content-background-meta":{"desktop":{"background-color":"var(--ast-global-color-5)","background-image":"","background-repeat":"repeat","background-position":"center center","background-size":"auto","background-attachment":"scroll","background-type":"","background-media":"","overlay-type":"","overlay-color":"","overlay-gradient":""},"tablet":{"background-color":"var(--ast-global-color-5)","background-image":"","background-repeat":"repeat","background-position":"center center","background-size":"auto","background-attachment":"scroll","background-type":"","background-media":"","overlay-type":"","overlay-color":"","overlay-gradient":""},"mobile":{"background-color":"var(--ast-global-color-5)","background-image":"","background-repeat":"repeat","background-position":"center center","background-size":"auto","background-attachment":"scroll","background-type":"","background-media":"","overlay-type":"","overlay-color":"","overlay-gradient":""}}},"_links":{"self":[{"href":"https:\/\/institut-lapalud.fr\/index.php?rest_route=\/wp\/v2\/pages\/1276"}],"collection":[{"href":"https:\/\/institut-lapalud.fr\/index.php?rest_route=\/wp\/v2\/pages"}],"about":[{"href":"https:\/\/institut-lapalud.fr\/index.php?rest_route=\/wp\/v2\/types\/page"}],"author":[{"embeddable":true,"href":"https:\/\/institut-lapalud.fr\/index.php?rest_route=\/wp\/v2\/users\/1"}],"replies":[{"embeddable":true,"href":"https:\/\/institut-lapalud.fr\/index.php?rest_route=%2Fwp%2Fv2%2Fcomments&post=1276"}],"version-history":[{"count":32,"href":"https:\/\/institut-lapalud.fr\/index.php?rest_route=\/wp\/v2\/pages\/1276\/revisions"}],"predecessor-version":[{"id":1867,"href":"https:\/\/institut-lapalud.fr\/index.php?rest_route=\/wp\/v2\/pages\/1276\/revisions\/1867"}],"wp:attachment":[{"href":"https:\/\/institut-lapalud.fr\/index.php?rest_route=%2Fwp%2Fv2%2Fmedia&parent=1276"}],"curies":[{"name":"wp","href":"https:\/\/api.w.org\/{rel}","templated":true}]}}