{"id":122,"date":"2019-10-14T14:08:26","date_gmt":"2019-10-14T12:08:26","guid":{"rendered":"http:\/\/institut-lapalud.fr\/?page_id=122"},"modified":"2025-07-17T14:57:37","modified_gmt":"2025-07-17T12:57:37","slug":"vente-produit-de-soin-corps-et-visage","status":"publish","type":"page","link":"https:\/\/institut-lapalud.fr\/?page_id=122","title":{"rendered":"PRODUITS CORPS ET VISAGES"},"content":{"rendered":"\t\t<div data-elementor-type=\"wp-page\" data-elementor-id=\"122\" class=\"elementor elementor-122\">\n\t\t\t\t\t\t<div class=\"elementor-inner\">\n\t\t\t\t<div class=\"elementor-section-wrap\">\n\t\t\t\t\t\t\t\t\t<section class=\"elementor-section elementor-top-section elementor-element elementor-element-4a6dab9 elementor-section-boxed elementor-section-height-default elementor-section-height-default\" data-id=\"4a6dab9\" data-element_type=\"section\">\n\t\t\t\t\t\t<div class=\"elementor-container elementor-column-gap-default\">\n\t\t\t\t\t\t\t<div class=\"elementor-row\">\n\t\t\t\t\t<div class=\"elementor-column elementor-col-33 elementor-top-column elementor-element elementor-element-ba5528c\" data-id=\"ba5528c\" data-element_type=\"column\">\n\t\t\t<div class=\"elementor-column-wrap elementor-element-populated\">\n\t\t\t\t\t\t\t<div class=\"elementor-widget-wrap\">\n\t\t\t\t\t\t<div class=\"elementor-element elementor-element-73c29ff elementor-widget elementor-widget-image\" data-id=\"73c29ff\" data-element_type=\"widget\" data-widget_type=\"image.default\">\n\t\t\t\t<div class=\"elementor-widget-container\">\n\t\t\t\t\t\t\t\t<div class=\"elementor-image\">\n\t\t\t\t\t\t\t\t\t\t\t\t<img decoding=\"async\" width=\"718\" height=\"583\" src=\"https:\/\/institut-lapalud.fr\/wp-content\/uploads\/2023\/03\/Screenshot_20230227_162716_FacebookVIDEO-NOHQM.jpg\" class=\"attachment-large size-large wp-image-1549\" alt=\"\" loading=\"lazy\" srcset=\"https:\/\/institut-lapalud.fr\/wp-content\/uploads\/2023\/03\/Screenshot_20230227_162716_FacebookVIDEO-NOHQM.jpg 718w, https:\/\/institut-lapalud.fr\/wp-content\/uploads\/2023\/03\/Screenshot_20230227_162716_FacebookVIDEO-NOHQM-300x244.jpg 300w\" sizes=\"(max-width: 718px) 100vw, 718px\" \/>\t\t\t\t\t\t\t\t\t\t\t\t\t\t<\/div>\n\t\t\t\t\t\t<\/div>\n\t\t\t\t<\/div>\n\t\t\t\t\t\t<\/div>\n\t\t\t\t\t<\/div>\n\t\t<\/div>\n\t\t\t\t<div class=\"elementor-column elementor-col-33 elementor-top-column elementor-element elementor-element-4e2ddd2\" data-id=\"4e2ddd2\" data-element_type=\"column\">\n\t\t\t<div class=\"elementor-column-wrap elementor-element-populated\">\n\t\t\t\t\t\t\t<div class=\"elementor-widget-wrap\">\n\t\t\t\t\t\t<div class=\"elementor-element elementor-element-a3b710d elementor-widget elementor-widget-image\" data-id=\"a3b710d\" data-element_type=\"widget\" data-widget_type=\"image.default\">\n\t\t\t\t<div class=\"elementor-widget-container\">\n\t\t\t\t\t\t\t\t<div class=\"elementor-image\">\n\t\t\t\t\t\t\t\t\t\t\t\t<img decoding=\"async\" width=\"1024\" height=\"723\" src=\"https:\/\/institut-lapalud.fr\/wp-content\/uploads\/2022\/11\/VELOURS-1-1-1024x723.jpg\" class=\"attachment-large size-large wp-image-1290\" alt=\"\" loading=\"lazy\" srcset=\"https:\/\/institut-lapalud.fr\/wp-content\/uploads\/2022\/11\/VELOURS-1-1-1024x723.jpg 1024w, https:\/\/institut-lapalud.fr\/wp-content\/uploads\/2022\/11\/VELOURS-1-1-300x212.jpg 300w, https:\/\/institut-lapalud.fr\/wp-content\/uploads\/2022\/11\/VELOURS-1-1-768x542.jpg 768w, https:\/\/institut-lapalud.fr\/wp-content\/uploads\/2022\/11\/VELOURS-1-1-1536x1084.jpg 1536w, https:\/\/institut-lapalud.fr\/wp-content\/uploads\/2022\/11\/VELOURS-1-1-2048x1445.jpg 2048w\" sizes=\"(max-width: 1024px) 100vw, 1024px\" \/>\t\t\t\t\t\t\t\t\t\t\t\t\t\t<\/div>\n\t\t\t\t\t\t<\/div>\n\t\t\t\t<\/div>\n\t\t\t\t\t\t<\/div>\n\t\t\t\t\t<\/div>\n\t\t<\/div>\n\t\t\t\t<div class=\"elementor-column elementor-col-33 elementor-top-column elementor-element elementor-element-febf0a2\" data-id=\"febf0a2\" data-element_type=\"column\">\n\t\t\t<div class=\"elementor-column-wrap elementor-element-populated\">\n\t\t\t\t\t\t\t<div class=\"elementor-widget-wrap\">\n\t\t\t\t\t\t<div class=\"elementor-element elementor-element-15f757b elementor-widget elementor-widget-image\" data-id=\"15f757b\" data-element_type=\"widget\" data-widget_type=\"image.default\">\n\t\t\t\t<div class=\"elementor-widget-container\">\n\t\t\t\t\t\t\t\t<div class=\"elementor-image\">\n\t\t\t\t\t\t\t\t\t\t\t\t<img decoding=\"async\" width=\"169\" height=\"300\" src=\"https:\/\/institut-lapalud.fr\/wp-content\/uploads\/2019\/10\/FB_IMG_1499781624818-169x300.jpg\" class=\"attachment-medium size-medium wp-image-187\" alt=\"\" loading=\"lazy\" srcset=\"https:\/\/institut-lapalud.fr\/wp-content\/uploads\/2019\/10\/FB_IMG_1499781624818-169x300.jpg 169w, https:\/\/institut-lapalud.fr\/wp-content\/uploads\/2019\/10\/FB_IMG_1499781624818-576x1024.jpg 576w, https:\/\/institut-lapalud.fr\/wp-content\/uploads\/2019\/10\/FB_IMG_1499781624818.jpg 689w\" sizes=\"(max-width: 169px) 100vw, 169px\" \/>\t\t\t\t\t\t\t\t\t\t\t\t\t\t<\/div>\n\t\t\t\t\t\t<\/div>\n\t\t\t\t<\/div>\n\t\t\t\t\t\t<\/div>\n\t\t\t\t\t<\/div>\n\t\t<\/div>\n\t\t\t\t\t\t\t\t<\/div>\n\t\t\t\t\t<\/div>\n\t\t<\/section>\n\t\t\t\t<section class=\"elementor-section elementor-top-section elementor-element elementor-element-ed86779 elementor-section-boxed elementor-section-height-default elementor-section-height-default\" data-id=\"ed86779\" data-element_type=\"section\">\n\t\t\t\t\t\t<div class=\"elementor-container elementor-column-gap-default\">\n\t\t\t\t\t\t\t<div class=\"elementor-row\">\n\t\t\t\t\t<div class=\"elementor-column elementor-col-100 elementor-top-column elementor-element elementor-element-378ae9a\" data-id=\"378ae9a\" data-element_type=\"column\">\n\t\t\t<div class=\"elementor-column-wrap elementor-element-populated\">\n\t\t\t\t\t\t\t<div class=\"elementor-widget-wrap\">\n\t\t\t\t\t\t<div class=\"elementor-element elementor-element-dddbcf8 elementor-widget elementor-widget-text-editor\" data-id=\"dddbcf8\" data-element_type=\"widget\" data-widget_type=\"text-editor.default\">\n\t\t\t\t<div class=\"elementor-widget-container\">\n\t\t\t\t\t\t\t\t<div class=\"elementor-text-editor elementor-clearfix\">\n\t\t\t\t<p><a href=\"https:\/\/youtu.be\/UQP1afuAOK\">https:\/\/youtu.be\/UQP1afuAOK<\/a><\/p><p><span style=\"color: #993366;\"><strong>NOHAM<\/strong><\/span><\/p><p><span style=\"color: #000000;\"> EXTRAIT A FROID\/ EFFICACITE\/ RESPECTUEUX DE L&rsquo;ENVIRONNELMENT\/INNOVATEUR<\/span><\/p><p><span style=\"color: #333399;\">Lien youtube<\/span> ci-dessus, d\u00e9couvrez la cr\u00e9atrice de cette marque, et chaque \u00e9tape de fabrication jusqu&rsquo;\u00e0 la revente en institut.<\/p>\t\t\t\t\t<\/div>\n\t\t\t\t\t\t<\/div>\n\t\t\t\t<\/div>\n\t\t\t\t\t\t<\/div>\n\t\t\t\t\t<\/div>\n\t\t<\/div>\n\t\t\t\t\t\t\t\t<\/div>\n\t\t\t\t\t<\/div>\n\t\t<\/section>\n\t\t\t\t<section class=\"elementor-section elementor-top-section elementor-element elementor-element-4d069e6 elementor-section-boxed elementor-section-height-default elementor-section-height-default\" data-id=\"4d069e6\" data-element_type=\"section\">\n\t\t\t\t\t\t<div class=\"elementor-container elementor-column-gap-default\">\n\t\t\t\t\t\t\t<div class=\"elementor-row\">\n\t\t\t\t\t<div class=\"elementor-column elementor-col-100 elementor-top-column elementor-element elementor-element-cdc1cf0\" data-id=\"cdc1cf0\" data-element_type=\"column\">\n\t\t\t<div class=\"elementor-column-wrap elementor-element-populated\">\n\t\t\t\t\t\t\t<div class=\"elementor-widget-wrap\">\n\t\t\t\t\t\t<div class=\"elementor-element elementor-element-991082f elementor-widget elementor-widget-text-editor\" data-id=\"991082f\" data-element_type=\"widget\" data-widget_type=\"text-editor.default\">\n\t\t\t\t<div class=\"elementor-widget-container\">\n\t\t\t\t\t\t\t\t<div class=\"elementor-text-editor elementor-clearfix\">\n\t\t\t\t<p><strong><span style=\"color: #993366;\">NOHAM<\/span><\/strong><\/p><p><strong><span style=\"color: #000000;\">CREMES VISAGES<\/span><\/strong><\/p><p><span style=\"color: #000000;\">CREME VELOURS 40\u20ac <\/span><br \/><span style=\"color: #000000;\">CREME DIVINE 45\u20ac <\/span><br \/><span style=\"color: #000000;\">CREME Q10 40.50\u20ac<\/span><br \/><span style=\"color: #000000;\">CREME COCOON 35\u20ac<\/span><br \/><span style=\"color: #000000;\">CREME ECLAT 42\u20ac<\/span><br \/><span style=\"color: #000000;\">CREME BY NIGHT 40.90\u20ac<\/span><\/p><p><span style=\"color: #000000;\">SERUM 4 OMEGAS 30\u20ac<\/span><br \/><span style=\"color: #000000;\">SERUM ELIXIR 40\u20ac<\/span><br \/><span style=\"color: #000000;\">SERUM pur lissage 35\u20ac<\/span><br \/><span style=\"color: #000000;\">SERUM divine eyes 28\u20ac<\/span><\/p><p><span style=\"color: #000000;\">NETOYANT VISAGE\/SAVON<\/span><br \/><span style=\"color: #000000;\">Lait d\u00e9maquillant au lait anesse 25\u20ac<\/span><br \/><span style=\"color: #000000;\">Lait d\u00e9maquillant exfoliant<\/span><br \/><span style=\"color: #000000;\">Eau micellaire 14.90\u20ac<\/span><br \/><span style=\"color: #000000;\">Savon argile ocre 7.90\u20ac<\/span><br \/><span style=\"color: #000000;\">DEODORANT BIO liquide sans aluminium 13.90<\/span><br \/><span style=\"color: #000000;\">DEODORANT BIO BAUME 18\u20ac (4 mois d&rsquo;application).<\/span><br \/><span style=\"color: #000000;\">PARFUM 44\u20ac<\/span><br \/><span style=\"color: #000000;\">Duo parfum\u00e9 19\u20ac <\/span><\/p><p><span style=\"color: #000000;\">Gant kesa 9.50\u20ac<\/span><\/p>\t\t\t\t\t<\/div>\n\t\t\t\t\t\t<\/div>\n\t\t\t\t<\/div>\n\t\t\t\t\t\t<\/div>\n\t\t\t\t\t<\/div>\n\t\t<\/div>\n\t\t\t\t\t\t\t\t<\/div>\n\t\t\t\t\t<\/div>\n\t\t<\/section>\n\t\t\t\t<section class=\"elementor-section elementor-top-section elementor-element elementor-element-190dd7b elementor-section-boxed elementor-section-height-default elementor-section-height-default\" data-id=\"190dd7b\" data-element_type=\"section\">\n\t\t\t\t\t\t<div class=\"elementor-container elementor-column-gap-default\">\n\t\t\t\t\t\t\t<div class=\"elementor-row\">\n\t\t\t\t\t<div class=\"elementor-column elementor-col-25 elementor-top-column elementor-element elementor-element-2885008\" data-id=\"2885008\" data-element_type=\"column\">\n\t\t\t<div class=\"elementor-column-wrap elementor-element-populated\">\n\t\t\t\t\t\t\t<div class=\"elementor-widget-wrap\">\n\t\t\t\t\t\t<div class=\"elementor-element elementor-element-ea049e4 elementor-widget elementor-widget-text-editor\" data-id=\"ea049e4\" data-element_type=\"widget\" data-widget_type=\"text-editor.default\">\n\t\t\t\t<div class=\"elementor-widget-container\">\n\t\t\t\t\t\t\t\t<div class=\"elementor-text-editor elementor-clearfix\">\n\t\t\t\t<p><span style=\"text-decoration: underline;\"><strong><span style=\"color: #ff00ff; text-decoration: underline;\">COSMETIQUE<\/span> <span style=\"color: #ff00ff; text-decoration: underline;\">EPILODERM CORPS\u00a0<\/span><\/strong><\/span><\/p><p><strong><span style=\"color: #ff00ff;\">EPILODERM<\/span> <span style=\"color: #000000;\">est une\u00a0 gamme qui permet d&rsquo;obtenir une repousse plus lente, une peau plus douce, l&rsquo;assurance d&rsquo;un r\u00e9sultat d&rsquo;exception. En compl\u00e9ment de votre \u00e9pilation \u00e9piloderm.<\/span><\/strong><\/p>\t\t\t\t\t<\/div>\n\t\t\t\t\t\t<\/div>\n\t\t\t\t<\/div>\n\t\t\t\t\t\t<\/div>\n\t\t\t\t\t<\/div>\n\t\t<\/div>\n\t\t\t\t<div class=\"elementor-column elementor-col-25 elementor-top-column elementor-element elementor-element-dd15c62\" data-id=\"dd15c62\" data-element_type=\"column\">\n\t\t\t<div class=\"elementor-column-wrap elementor-element-populated\">\n\t\t\t\t\t\t\t<div class=\"elementor-widget-wrap\">\n\t\t\t\t\t\t<div class=\"elementor-element elementor-element-c68e69c elementor-widget elementor-widget-text-editor\" data-id=\"c68e69c\" data-element_type=\"widget\" data-widget_type=\"text-editor.default\">\n\t\t\t\t<div class=\"elementor-widget-container\">\n\t\t\t\t\t\t\t\t<div class=\"elementor-text-editor elementor-clearfix\">\n\t\t\t\t<p><span style=\"color: #000000;\"><strong>Gommage au charbon noir<\/strong><\/span><\/p><p><span style=\"color: #000000;\">100gr 19.90\u20ac<\/span><\/p><p><span style=\"color: #000000;\">200gr 25.90\u20ac<\/span><\/p><p><strong><span style=\"color: #000000;\">Gommage menthol\u00e9<\/span><\/strong><\/p><p><span style=\"color: #000000;\"> 400gr 34.90\u20ac<\/span><\/p><p><strong><span style=\"color: #000000;\">Lait hydratant menthol\u00e9<\/span><\/strong> <span style=\"color: #000000;\">250ml 29\u20ac<\/span><\/p><p><strong><span style=\"color: #000000;\">Cr\u00e8me velours<\/span><\/strong><\/p><p><span style=\"color: #000000;\">100ml 19.90\u20ac<\/span><\/p><p><span style=\"color: #000000;\">200ml 39.90\u20ac<\/span><\/p>\t\t\t\t\t<\/div>\n\t\t\t\t\t\t<\/div>\n\t\t\t\t<\/div>\n\t\t\t\t\t\t<\/div>\n\t\t\t\t\t<\/div>\n\t\t<\/div>\n\t\t\t\t<div class=\"elementor-column elementor-col-25 elementor-top-column elementor-element elementor-element-2964e1e\" data-id=\"2964e1e\" data-element_type=\"column\">\n\t\t\t<div class=\"elementor-column-wrap elementor-element-populated\">\n\t\t\t\t\t\t\t<div class=\"elementor-widget-wrap\">\n\t\t\t\t\t\t<div class=\"elementor-element elementor-element-c2434f9 elementor-widget elementor-widget-text-editor\" data-id=\"c2434f9\" data-element_type=\"widget\" data-widget_type=\"text-editor.default\">\n\t\t\t\t<div class=\"elementor-widget-container\">\n\t\t\t\t\t\t\t\t<div class=\"elementor-text-editor elementor-clearfix\">\n\t\t\t\t<p><span style=\"text-decoration: underline;\"><span style=\"color: #ff00ff; text-decoration: underline;\"><strong>COSMETIQUE EPILODERM VISAGE<\/strong><\/span><\/span><\/p><p><strong><span style=\"color: #000000;\">Cr\u00e8me fou\u00e9tt\u00e9e\u00a0<\/span><\/strong><\/p><p><span style=\"color: #000000;\">100ml 19.90\u20ac<\/span><\/p><p><span style=\"color: #000000;\">200ml 39.90\u20ac<\/span><\/p><p><strong><span style=\"color: #000000;\">Peeling Enzymatique 50ml 35.90\u20ac<\/span><\/strong><\/p><p><strong><span style=\"color: #000000;\">Serum visage 49\u20ac<\/span><\/strong><\/p><p><strong><span style=\"color: #000000;\">O DE SOIE- EAU DE TEINT 34.90\u20ac<\/span><\/strong><\/p><p><strong><span style=\"color: #000000;\">R-SOIN VISAGE (Acide hyaluronique) 39.90\u20ac<\/span><\/strong><\/p>\t\t\t\t\t<\/div>\n\t\t\t\t\t\t<\/div>\n\t\t\t\t<\/div>\n\t\t\t\t\t\t<\/div>\n\t\t\t\t\t<\/div>\n\t\t<\/div>\n\t\t\t\t<div class=\"elementor-column elementor-col-25 elementor-top-column elementor-element elementor-element-1800f98\" data-id=\"1800f98\" data-element_type=\"column\">\n\t\t\t<div class=\"elementor-column-wrap elementor-element-populated\">\n\t\t\t\t\t\t\t<div class=\"elementor-widget-wrap\">\n\t\t\t\t\t\t<div class=\"elementor-element elementor-element-3379344 elementor-widget elementor-widget-image\" data-id=\"3379344\" data-element_type=\"widget\" data-widget_type=\"image.default\">\n\t\t\t\t<div class=\"elementor-widget-container\">\n\t\t\t\t\t\t\t\t<div class=\"elementor-image\">\n\t\t\t\t\t\t\t\t\t\t\t\t<img decoding=\"async\" src=\"https:\/\/institut-lapalud.fr\/wp-content\/plugins\/elementor\/assets\/images\/placeholder.png\" title=\"\" alt=\"\" loading=\"lazy\" \/>\t\t\t\t\t\t\t\t\t\t\t\t\t\t<\/div>\n\t\t\t\t\t\t<\/div>\n\t\t\t\t<\/div>\n\t\t\t\t\t\t<\/div>\n\t\t\t\t\t<\/div>\n\t\t<\/div>\n\t\t\t\t\t\t\t\t<\/div>\n\t\t\t\t\t<\/div>\n\t\t<\/section>\n\t\t\t\t\t\t\t\t\t<\/div>\n\t\t\t<\/div>\n\t\t\t\t\t<\/div>\n\t\t","protected":false},"excerpt":{"rendered":"<p>https:\/\/youtu.be\/UQP1afuAOK NOHAM EXTRAIT A FROID\/ EFFICACITE\/ RESPECTUEUX DE L&rsquo;ENVIRONNELMENT\/INNOVATEUR Lien youtube ci-dessus, d\u00e9couvrez la cr\u00e9atrice de cette marque, et chaque \u00e9tape de fabrication jusqu&rsquo;\u00e0 la revente en institut. NOHAM CREMES VISAGES CREME VELOURS 40\u20ac CREME DIVINE 45\u20ac CREME Q10 40.50\u20acCREME COCOON 35\u20acCREME ECLAT 42\u20acCREME BY NIGHT 40.90\u20ac SERUM 4 OMEGAS 30\u20acSERUM ELIXIR 40\u20acSERUM pur lissage [&hellip;]<\/p>\n","protected":false},"author":1,"featured_media":0,"parent":0,"menu_order":0,"comment_status":"closed","ping_status":"closed","template":"","meta":{"site-sidebar-layout":"no-sidebar","site-content-layout":"page-builder","ast-site-content-layout":"full-width-container","site-content-style":"unboxed","site-sidebar-style":"unboxed","ast-global-header-display":"","ast-banner-title-visibility":"","ast-main-header-display":"","ast-hfb-above-header-display":"","ast-hfb-below-header-display":"","ast-hfb-mobile-header-display":"","site-post-title":"disabled","ast-breadcrumbs-content":"","ast-featured-img":"disabled","footer-sml-layout":"","theme-transparent-header-meta":"default","adv-header-id-meta":"","stick-header-meta":"","header-above-stick-meta":"","header-main-stick-meta":"","header-below-stick-meta":"","astra-migrate-meta-layouts":"set","ast-page-background-enabled":"default","ast-page-background-meta":{"desktop":{"background-color":"","background-image":"","background-repeat":"repeat","background-position":"center center","background-size":"auto","background-attachment":"scroll","background-type":"","background-media":"","overlay-type":"","overlay-color":"","overlay-gradient":""},"tablet":{"background-color":"","background-image":"","background-repeat":"repeat","background-position":"center center","background-size":"auto","background-attachment":"scroll","background-type":"","background-media":"","overlay-type":"","overlay-color":"","overlay-gradient":""},"mobile":{"background-color":"","background-image":"","background-repeat":"repeat","background-position":"center center","background-size":"auto","background-attachment":"scroll","background-type":"","background-media":"","overlay-type":"","overlay-color":"","overlay-gradient":""}},"ast-content-background-meta":{"desktop":{"background-color":"var(--ast-global-color-5)","background-image":"","background-repeat":"repeat","background-position":"center center","background-size":"auto","background-attachment":"scroll","background-type":"","background-media":"","overlay-type":"","overlay-color":"","overlay-gradient":""},"tablet":{"background-color":"var(--ast-global-color-5)","background-image":"","background-repeat":"repeat","background-position":"center center","background-size":"auto","background-attachment":"scroll","background-type":"","background-media":"","overlay-type":"","overlay-color":"","overlay-gradient":""},"mobile":{"background-color":"var(--ast-global-color-5)","background-image":"","background-repeat":"repeat","background-position":"center center","background-size":"auto","background-attachment":"scroll","background-type":"","background-media":"","overlay-type":"","overlay-color":"","overlay-gradient":""}}},"_links":{"self":[{"href":"https:\/\/institut-lapalud.fr\/index.php?rest_route=\/wp\/v2\/pages\/122"}],"collection":[{"href":"https:\/\/institut-lapalud.fr\/index.php?rest_route=\/wp\/v2\/pages"}],"about":[{"href":"https:\/\/institut-lapalud.fr\/index.php?rest_route=\/wp\/v2\/types\/page"}],"author":[{"embeddable":true,"href":"https:\/\/institut-lapalud.fr\/index.php?rest_route=\/wp\/v2\/users\/1"}],"replies":[{"embeddable":true,"href":"https:\/\/institut-lapalud.fr\/index.php?rest_route=%2Fwp%2Fv2%2Fcomments&post=122"}],"version-history":[{"count":108,"href":"https:\/\/institut-lapalud.fr\/index.php?rest_route=\/wp\/v2\/pages\/122\/revisions"}],"predecessor-version":[{"id":2089,"href":"https:\/\/institut-lapalud.fr\/index.php?rest_route=\/wp\/v2\/pages\/122\/revisions\/2089"}],"wp:attachment":[{"href":"https:\/\/institut-lapalud.fr\/index.php?rest_route=%2Fwp%2Fv2%2Fmedia&parent=122"}],"curies":[{"name":"wp","href":"https:\/\/api.w.org\/{rel}","templated":true}]}}